{"id":1125,"date":"2020-04-30T14:04:44","date_gmt":"2020-04-30T14:04:44","guid":{"rendered":"https:\/\/shop.4sindustrie.nl\/?post_type=product&#038;p=1125"},"modified":"2026-03-09T09:48:01","modified_gmt":"2026-03-09T09:48:01","slug":"basglx-m1","status":"publish","type":"product","link":"https:\/\/shop.4sindustrie.nl\/index.php\/product\/basglx-m1\/","title":{"rendered":"Contemporary Controls Modbus naar BACnet gateway BASGLX-M1"},"content":{"rendered":"<h1 class=\"page-header\"><small>Modbus naar BACnet gateway<\/small><\/h1>\n<h3>Productoverzicht BASGLX-M1<\/h3>\n<p><strong>Gateway functionaliteit tussen&#8230;<\/strong><\/p>\n<ul>\n<li>Modbus serieel (RTU of ASCII) en BACnet\/IP<\/li>\n<li>Modbus TCP en BACnet\/IP<\/li>\n<li><strong>Virtuele routing 1000 punten<\/strong><\/li>\n<\/ul>\n<p><strong>IP netwerk ondersteuning<\/strong><\/p>\n<ul>\n<li>Webserver voor inbedrijfstelling en probleemoplossing<\/li>\n<li>DHCP optie om automatisch een IP-adres te verkrijgen<\/li>\n<li>BACnet\/IP Broadcast Management Device (BBMD)<\/li>\n<li>Foreign Device Registration (FDR)<\/li>\n<\/ul>\n<p><strong>Routing functionaliteit tussen&#8230;<\/strong><\/p>\n<ul>\n<li>Modbus serieel (RTU en ASCII) en Modbus TCP<\/li>\n<\/ul>\n<p><strong>Flexible communicatie poorten<\/strong><\/p>\n<ul>\n<li>10\/100 Mbps Ethernet met auto-negotiation en Auto-MDIX<\/li>\n<li>Opto-ge\u00efsoleerde seri\u00eble poort ondersteunt ofwel 2-draads of 3-draads EIA-485<\/li>\n<li>Jumper selecteerbare EIA-485 bias en termination<\/li>\n<li>Baudrates van 2,4-115,2 kbps<\/li>\n<\/ul>\n<p><strong>Comfortabele installatie<\/strong><\/p>\n<ul>\n<li>24 VAC\/VDC ingangsvoltage<\/li>\n<li>Din-rail monatage<\/li>\n<\/ul>\n<h4>Productdetails BASGLX-M1<\/h4>\n<p>Modbus blijft een populaire netwerkinterface en is vaak te vinden bij apparaten als ketelbesturingene, frequentieregelaars en meettoepassingen, maar deze toestellen voldoen niet aan de BACnet normen. Om Modbus apparaten te laten verschijnen als individuele BACnet apparaten wordt een <a href=\"https:\/\/4sindustrie.nl\/contemporary-controls\/basautomation\/basgatewaylx\/\">BASgatewayLX<\/a> gebruikt. Dit apparaat heeft een 10\/100 Mbps Modbus TCP en BACnet\/IP Ethernet poort en een opto-ge\u00efsoleerde Modbus EIA-485 seri\u00eble poort voor Modbus RTU of Modbus ASCII apparaten. Tot 100 Modbus seri\u00eble apparaten, vertegenwoordigd door maximaal 1000 polled points, kunnen de enkele Modbus EIA-485-poort op de BASgatewayLX delen. BACnet COV notificatie wordt ondersteund op 200 punten (100 analoge en 100 binaire punten). De virtuele routing functie in de BASgatewayLX maakt het mogelijk om elk aangesloten Modbus apparaat als een individueel BACnet compatibel apparaat te laten verschijnen. Wat nodig is, is een apparaatprofiel voor elk Modbus apparaat. Contomporary Controls onderhoudt een bibliotheek met gemeenschappelijke apparaatprofielen die kunnen worden gedownload in de sectie Modbus Mapping Support Materials.<\/p>\n<p>Als het profiel van het apparaat niet beschikbaar is, zal Contemporary Controls het op verzoek ter beschikking stellen. Aangepaste Modbus apparaatprofielen kunnen worden ge\u00fcpload naar de BASgatewayLX via de webpagina. Modbus datapunten van Modbus serieel of Modbus TCP\/IP apparaten kunnen worden toegewezen aan BACnet objecten.<\/p>\n<p>Door gebruik te maken van webpagina&#8217;s en een database met gangbare Modbus apparaatprofielen kunnen Modbus datapunten van Modbus serieel of Modbus TCP apparaten worden toegewezen aan BACnet objecten.<\/p>\n<p>De BASgatewayLX is ondergebracht in een metalen behuizing die gemonteerd is op een 35 mm DIN-rail en wordt gevoed door een 24 VAC\/VDC (\u00b1 10%) bron. Zijn half wave gerectificeerde voeding maakt het mogelijk om de stroom te delen met andere half wave apparaten.<\/p>\n<p>De optisch ge\u00efsoleerde seri\u00eble poort maakt aansluiting op 2-draads of 3-draads EIA-485 netwerken mogelijk met behulp van een verwijderbaar 5-pins klemmenblok. Tot 100 EIA-485 Modbus apparaten kunnen de seri\u00eble bus delen met datasnelheden tussen 2,4 en 115,2 kbps. Interne jumpers maken flexibele bias en afsluitmogelijkheden mogelijk. Ze kunnen worden verwijderd voor mid-span installaties.<\/p>\n<p>De Ethernet poort biedt een afgeschermde RJ-45-connector. Door middel van auto-negotiation en Auto-MDIX komen de verbindingen automatisch overeen met de aangesloten apparatuur. Daarom kan ofwel CAT5 straight-through of crossover kabel worden gebruikt om aan te sluiten op het BACnet\/IP of Modbus TCP netwerk met een snelheid van 10 of 100 Mbps.<\/p>\n<p>Een webserver maakt de inbedrijfstelling en het oplossen van problemen mogelijk via een standaard webbrowser. Een resetschakelaar is voorzien om terug te keren naar het standaard IP-adres. LED indicatoren geven de communicatiestatus weer op zowel de Ethernet- als de seri\u00eble poort.<\/p>\n<h3>Downloads<\/h3>\n<p>Datasheets, installatie handleiding en meer.<\/p>\n<p>&nbsp;<\/p>\n","protected":false},"excerpt":{"rendered":"<p>BASgatewayLX Modbus naar BACnet gateway din rail montage<br \/>\nMet virtuele routing 1000 punten<\/p>\n","protected":false},"featured_media":2031,"template":"","meta":[],"product_brand":[],"product_cat":[69,65],"product_tag":[243,245,247,249,259],"class_list":{"0":"post-1125","1":"product","2":"type-product","3":"status-publish","4":"has-post-thumbnail","6":"product_cat-gateways","7":"product_cat-bacnet","8":"product_tag-bacnet","9":"product_tag-bacnet-ethernet","10":"product_tag-bacnet-ms-tp","11":"product_tag-bacnet-ip","12":"product_tag-gateway","13":"product_shipping_class-dpd-nl","14":"post-has-thumbnail","16":"first","17":"instock","18":"taxable","19":"shipping-taxable","20":"purchasable","21":"product-type-simple"},"yoast_head":"<!-- This site is optimized with the Yoast SEO plugin v27.5 - https:\/\/yoast.com\/product\/yoast-seo-wordpress\/ -->\n<title>BASGLX-M1 BAS automation Modbus naar BACnet gateway<\/title>\n<meta name=\"description\" content=\"De BASGLX-M1 is een Modbus (serieel of TCP) naar BACnet gateway uit de BAS automation lijn van Contemporary Controls specialist in Ethernet en BACnet\" \/>\n<meta name=\"robots\" content=\"index, follow, max-snippet:-1, max-image-preview:large, max-video-preview:-1\" \/>\n<link rel=\"canonical\" href=\"https:\/\/shop.4sindustrie.nl\/index.php\/product\/basglx-m1\/\" \/>\n<meta property=\"og:locale\" content=\"nl_NL\" \/>\n<meta property=\"og:type\" content=\"article\" \/>\n<meta property=\"og:title\" content=\"BASGLX-M1 BAS automation Modbus naar BACnet gateway\" \/>\n<meta property=\"og:description\" content=\"De BASGLX-M1 is een Modbus (serieel of TCP) naar BACnet gateway uit de BAS automation lijn van Contemporary Controls specialist in Ethernet en BACnet\" \/>\n<meta property=\"og:url\" content=\"https:\/\/shop.4sindustrie.nl\/index.php\/product\/basglx-m1\/\" \/>\n<meta property=\"og:site_name\" content=\"Webshop 4S industrie B.V.\" \/>\n<meta property=\"article:publisher\" content=\"https:\/\/facebook.com\/4Sindustrie\" \/>\n<meta property=\"article:modified_time\" content=\"2026-03-09T09:48:01+00:00\" \/>\n<meta property=\"og:image\" content=\"https:\/\/shop.4sindustrie.nl\/wp-content\/uploads\/2020\/04\/BASGLX-M1-BASGLX-M1-P.jpg\" \/>\n\t<meta property=\"og:image:width\" content=\"600\" \/>\n\t<meta property=\"og:image:height\" content=\"600\" \/>\n\t<meta property=\"og:image:type\" content=\"image\/jpeg\" \/>\n<meta name=\"twitter:card\" content=\"summary_large_image\" \/>\n<meta name=\"twitter:site\" content=\"@4Sindustrie\" \/>\n<meta name=\"twitter:label1\" content=\"Geschatte leestijd\" \/>\n\t<meta name=\"twitter:data1\" content=\"3 minuten\" \/>\n<script type=\"application\/ld+json\" class=\"yoast-schema-graph\">{\"@context\":\"https:\\\/\\\/schema.org\",\"@graph\":[{\"@type\":\"WebPage\",\"@id\":\"https:\\\/\\\/shop.4sindustrie.nl\\\/index.php\\\/product\\\/basglx-m1\\\/\",\"url\":\"https:\\\/\\\/shop.4sindustrie.nl\\\/index.php\\\/product\\\/basglx-m1\\\/\",\"name\":\"BASGLX-M1 BAS automation Modbus naar BACnet gateway\",\"isPartOf\":{\"@id\":\"https:\\\/\\\/shop.4sindustrie.nl\\\/#website\"},\"primaryImageOfPage\":{\"@id\":\"https:\\\/\\\/shop.4sindustrie.nl\\\/index.php\\\/product\\\/basglx-m1\\\/#primaryimage\"},\"image\":{\"@id\":\"https:\\\/\\\/shop.4sindustrie.nl\\\/index.php\\\/product\\\/basglx-m1\\\/#primaryimage\"},\"thumbnailUrl\":\"https:\\\/\\\/shop.4sindustrie.nl\\\/wp-content\\\/uploads\\\/2020\\\/04\\\/BASGLX-M1-BASGLX-M1-P.jpg\",\"datePublished\":\"2020-04-30T14:04:44+00:00\",\"dateModified\":\"2026-03-09T09:48:01+00:00\",\"description\":\"De BASGLX-M1 is een Modbus (serieel of TCP) naar BACnet gateway uit de BAS automation lijn van Contemporary Controls specialist in Ethernet en BACnet\",\"breadcrumb\":{\"@id\":\"https:\\\/\\\/shop.4sindustrie.nl\\\/index.php\\\/product\\\/basglx-m1\\\/#breadcrumb\"},\"inLanguage\":\"nl-NL\",\"potentialAction\":[{\"@type\":\"ReadAction\",\"target\":[\"https:\\\/\\\/shop.4sindustrie.nl\\\/index.php\\\/product\\\/basglx-m1\\\/\"]}]},{\"@type\":\"ImageObject\",\"inLanguage\":\"nl-NL\",\"@id\":\"https:\\\/\\\/shop.4sindustrie.nl\\\/index.php\\\/product\\\/basglx-m1\\\/#primaryimage\",\"url\":\"https:\\\/\\\/shop.4sindustrie.nl\\\/wp-content\\\/uploads\\\/2020\\\/04\\\/BASGLX-M1-BASGLX-M1-P.jpg\",\"contentUrl\":\"https:\\\/\\\/shop.4sindustrie.nl\\\/wp-content\\\/uploads\\\/2020\\\/04\\\/BASGLX-M1-BASGLX-M1-P.jpg\",\"width\":600,\"height\":600,\"caption\":\"BASGLX-M1 \\\/ BASGLX-M1-P BAS Gateways\"},{\"@type\":\"BreadcrumbList\",\"@id\":\"https:\\\/\\\/shop.4sindustrie.nl\\\/index.php\\\/product\\\/basglx-m1\\\/#breadcrumb\",\"itemListElement\":[{\"@type\":\"ListItem\",\"position\":1,\"name\":\"Home\",\"item\":\"https:\\\/\\\/shop.4sindustrie.nl\\\/\"},{\"@type\":\"ListItem\",\"position\":2,\"name\":\"Producten\",\"item\":\"https:\\\/\\\/shop.4sindustrie.nl\\\/index.php\\\/4s-webshop\\\/\"},{\"@type\":\"ListItem\",\"position\":3,\"name\":\"Contemporary Controls Modbus naar BACnet gateway BASGLX-M1\"}]},{\"@type\":\"WebSite\",\"@id\":\"https:\\\/\\\/shop.4sindustrie.nl\\\/#website\",\"url\":\"https:\\\/\\\/shop.4sindustrie.nl\\\/\",\"name\":\"Webshop 4S industrie B.V.\",\"description\":\"Uw partner voor IT\\\/OT oplossingen\",\"publisher\":{\"@id\":\"https:\\\/\\\/shop.4sindustrie.nl\\\/#organization\"},\"potentialAction\":[{\"@type\":\"SearchAction\",\"target\":{\"@type\":\"EntryPoint\",\"urlTemplate\":\"https:\\\/\\\/shop.4sindustrie.nl\\\/?s={search_term_string}\"},\"query-input\":{\"@type\":\"PropertyValueSpecification\",\"valueRequired\":true,\"valueName\":\"search_term_string\"}}],\"inLanguage\":\"nl-NL\"},{\"@type\":\"Organization\",\"@id\":\"https:\\\/\\\/shop.4sindustrie.nl\\\/#organization\",\"name\":\"4S Industrie B.V.\",\"url\":\"https:\\\/\\\/shop.4sindustrie.nl\\\/\",\"logo\":{\"@type\":\"ImageObject\",\"inLanguage\":\"nl-NL\",\"@id\":\"https:\\\/\\\/shop.4sindustrie.nl\\\/#\\\/schema\\\/logo\\\/image\\\/\",\"url\":\"https:\\\/\\\/shop.4sindustrie.nl\\\/wp-content\\\/uploads\\\/2022\\\/03\\\/Header-Logo-4S-industrie.jpg\",\"contentUrl\":\"https:\\\/\\\/shop.4sindustrie.nl\\\/wp-content\\\/uploads\\\/2022\\\/03\\\/Header-Logo-4S-industrie.jpg\",\"width\":450,\"height\":157,\"caption\":\"4S Industrie B.V.\"},\"image\":{\"@id\":\"https:\\\/\\\/shop.4sindustrie.nl\\\/#\\\/schema\\\/logo\\\/image\\\/\"},\"sameAs\":[\"https:\\\/\\\/facebook.com\\\/4Sindustrie\",\"https:\\\/\\\/x.com\\\/4Sindustrie\",\"https:\\\/\\\/www.linkedin.com\\\/company\\\/4s-industrie-b-v-\\\/\",\"https:\\\/\\\/www.youtube.com\\\/channel\\\/UCmM6FIfvLug0Ehpmc4_NG4w\"]}]}<\/script>\n<!-- \/ Yoast SEO plugin. -->","yoast_head_json":{"title":"BASGLX-M1 BAS automation Modbus naar BACnet gateway","description":"De BASGLX-M1 is een Modbus (serieel of TCP) naar BACnet gateway uit de BAS automation lijn van Contemporary Controls specialist in Ethernet en BACnet","robots":{"index":"index","follow":"follow","max-snippet":"max-snippet:-1","max-image-preview":"max-image-preview:large","max-video-preview":"max-video-preview:-1"},"canonical":"https:\/\/shop.4sindustrie.nl\/index.php\/product\/basglx-m1\/","og_locale":"nl_NL","og_type":"article","og_title":"BASGLX-M1 BAS automation Modbus naar BACnet gateway","og_description":"De BASGLX-M1 is een Modbus (serieel of TCP) naar BACnet gateway uit de BAS automation lijn van Contemporary Controls specialist in Ethernet en BACnet","og_url":"https:\/\/shop.4sindustrie.nl\/index.php\/product\/basglx-m1\/","og_site_name":"Webshop 4S industrie B.V.","article_publisher":"https:\/\/facebook.com\/4Sindustrie","article_modified_time":"2026-03-09T09:48:01+00:00","og_image":[{"width":600,"height":600,"url":"https:\/\/shop.4sindustrie.nl\/wp-content\/uploads\/2020\/04\/BASGLX-M1-BASGLX-M1-P.jpg","type":"image\/jpeg"}],"twitter_card":"summary_large_image","twitter_site":"@4Sindustrie","twitter_misc":{"Geschatte leestijd":"3 minuten"},"schema":{"@context":"https:\/\/schema.org","@graph":[{"@type":"WebPage","@id":"https:\/\/shop.4sindustrie.nl\/index.php\/product\/basglx-m1\/","url":"https:\/\/shop.4sindustrie.nl\/index.php\/product\/basglx-m1\/","name":"BASGLX-M1 BAS automation Modbus naar BACnet gateway","isPartOf":{"@id":"https:\/\/shop.4sindustrie.nl\/#website"},"primaryImageOfPage":{"@id":"https:\/\/shop.4sindustrie.nl\/index.php\/product\/basglx-m1\/#primaryimage"},"image":{"@id":"https:\/\/shop.4sindustrie.nl\/index.php\/product\/basglx-m1\/#primaryimage"},"thumbnailUrl":"https:\/\/shop.4sindustrie.nl\/wp-content\/uploads\/2020\/04\/BASGLX-M1-BASGLX-M1-P.jpg","datePublished":"2020-04-30T14:04:44+00:00","dateModified":"2026-03-09T09:48:01+00:00","description":"De BASGLX-M1 is een Modbus (serieel of TCP) naar BACnet gateway uit de BAS automation lijn van Contemporary Controls specialist in Ethernet en BACnet","breadcrumb":{"@id":"https:\/\/shop.4sindustrie.nl\/index.php\/product\/basglx-m1\/#breadcrumb"},"inLanguage":"nl-NL","potentialAction":[{"@type":"ReadAction","target":["https:\/\/shop.4sindustrie.nl\/index.php\/product\/basglx-m1\/"]}]},{"@type":"ImageObject","inLanguage":"nl-NL","@id":"https:\/\/shop.4sindustrie.nl\/index.php\/product\/basglx-m1\/#primaryimage","url":"https:\/\/shop.4sindustrie.nl\/wp-content\/uploads\/2020\/04\/BASGLX-M1-BASGLX-M1-P.jpg","contentUrl":"https:\/\/shop.4sindustrie.nl\/wp-content\/uploads\/2020\/04\/BASGLX-M1-BASGLX-M1-P.jpg","width":600,"height":600,"caption":"BASGLX-M1 \/ BASGLX-M1-P BAS Gateways"},{"@type":"BreadcrumbList","@id":"https:\/\/shop.4sindustrie.nl\/index.php\/product\/basglx-m1\/#breadcrumb","itemListElement":[{"@type":"ListItem","position":1,"name":"Home","item":"https:\/\/shop.4sindustrie.nl\/"},{"@type":"ListItem","position":2,"name":"Producten","item":"https:\/\/shop.4sindustrie.nl\/index.php\/4s-webshop\/"},{"@type":"ListItem","position":3,"name":"Contemporary Controls Modbus naar BACnet gateway BASGLX-M1"}]},{"@type":"WebSite","@id":"https:\/\/shop.4sindustrie.nl\/#website","url":"https:\/\/shop.4sindustrie.nl\/","name":"Webshop 4S industrie B.V.","description":"Uw partner voor IT\/OT oplossingen","publisher":{"@id":"https:\/\/shop.4sindustrie.nl\/#organization"},"potentialAction":[{"@type":"SearchAction","target":{"@type":"EntryPoint","urlTemplate":"https:\/\/shop.4sindustrie.nl\/?s={search_term_string}"},"query-input":{"@type":"PropertyValueSpecification","valueRequired":true,"valueName":"search_term_string"}}],"inLanguage":"nl-NL"},{"@type":"Organization","@id":"https:\/\/shop.4sindustrie.nl\/#organization","name":"4S Industrie B.V.","url":"https:\/\/shop.4sindustrie.nl\/","logo":{"@type":"ImageObject","inLanguage":"nl-NL","@id":"https:\/\/shop.4sindustrie.nl\/#\/schema\/logo\/image\/","url":"https:\/\/shop.4sindustrie.nl\/wp-content\/uploads\/2022\/03\/Header-Logo-4S-industrie.jpg","contentUrl":"https:\/\/shop.4sindustrie.nl\/wp-content\/uploads\/2022\/03\/Header-Logo-4S-industrie.jpg","width":450,"height":157,"caption":"4S Industrie B.V."},"image":{"@id":"https:\/\/shop.4sindustrie.nl\/#\/schema\/logo\/image\/"},"sameAs":["https:\/\/facebook.com\/4Sindustrie","https:\/\/x.com\/4Sindustrie","https:\/\/www.linkedin.com\/company\/4s-industrie-b-v-\/","https:\/\/www.youtube.com\/channel\/UCmM6FIfvLug0Ehpmc4_NG4w"]}]}},"_links":{"self":[{"href":"https:\/\/shop.4sindustrie.nl\/index.php\/wp-json\/wp\/v2\/product\/1125","targetHints":{"allow":["GET"]}}],"collection":[{"href":"https:\/\/shop.4sindustrie.nl\/index.php\/wp-json\/wp\/v2\/product"}],"about":[{"href":"https:\/\/shop.4sindustrie.nl\/index.php\/wp-json\/wp\/v2\/types\/product"}],"wp:featuredmedia":[{"embeddable":true,"href":"https:\/\/shop.4sindustrie.nl\/index.php\/wp-json\/wp\/v2\/media\/2031"}],"wp:attachment":[{"href":"https:\/\/shop.4sindustrie.nl\/index.php\/wp-json\/wp\/v2\/media?parent=1125"}],"wp:term":[{"taxonomy":"product_brand","embeddable":true,"href":"https:\/\/shop.4sindustrie.nl\/index.php\/wp-json\/wp\/v2\/product_brand?post=1125"},{"taxonomy":"product_cat","embeddable":true,"href":"https:\/\/shop.4sindustrie.nl\/index.php\/wp-json\/wp\/v2\/product_cat?post=1125"},{"taxonomy":"product_tag","embeddable":true,"href":"https:\/\/shop.4sindustrie.nl\/index.php\/wp-json\/wp\/v2\/product_tag?post=1125"}],"curies":[{"name":"wp","href":"https:\/\/api.w.org\/{rel}","templated":true}]}}